{"id":49,"date":"2024-08-01T22:40:27","date_gmt":"2024-08-01T22:40:27","guid":{"rendered":"https:\/\/kern.org\/homeless-education-program\/?page_id=49"},"modified":"2024-08-01T22:40:27","modified_gmt":"2024-08-01T22:40:27","slug":"faqs-about-mckinney-vento","status":"publish","type":"page","link":"https:\/\/kern.org\/homeless-education-program\/faqs-about-mckinney-vento\/","title":{"rendered":"FAQs About McKinney-Vento"},"content":{"rendered":"<h3>Parent Frequently Asked Questions About the McKinney-Vento Program\/Preguntas Frecuentes de los Padres Sobre el Programa McKinney-Vento<\/h3>\n<ol>\n<li>\n<p><a href=\"https:\/\/docs.google.com\/document\/d\/11HmiLBzOtYi77j7x34nJDzd8aA9fqnnLNkPGlfPOUIE\/edit#heading=h.p1jf8t3chvhj\">Parent Frequently Asked Questions About the McKinney-Vento Program\/Preguntas Frecuentes de los Padres Sobre el Programa McKinney-Vento<\/a><\/p>\n<\/li>\n<li>\n<p><a href=\"https:\/\/docs.google.com\/document\/d\/11HmiLBzOtYi77j7x34nJDzd8aA9fqnnLNkPGlfPOUIE\/edit#heading=h.4zlwzz8bqyye\">I just became homeless with my children. What should I do?<\/a><\/p>\n<\/li>\n<li>\n<p><a href=\"https:\/\/docs.google.com\/document\/d\/11HmiLBzOtYi77j7x34nJDzd8aA9fqnnLNkPGlfPOUIE\/edit#heading=h.56h9ai2qnkkw\">Whom can I contact to help with my child&rsquo;s education?\/\u00bfCon qui\u00e9n puedo consultar sobre ayudar a mi hijo con su educaci\u00f3n?<\/a><\/p>\n<\/li>\n<li>\n<p><a href=\"https:\/\/docs.google.com\/document\/d\/11HmiLBzOtYi77j7x34nJDzd8aA9fqnnLNkPGlfPOUIE\/edit#heading=h.to6ouv2koogh\">Can my child stay in their current school even though we&#8217;ve lost our housing?<\/a><\/p>\n<\/li>\n<li>\n<p><a href=\"https:\/\/docs.google.com\/document\/d\/11HmiLBzOtYi77j7x34nJDzd8aA9fqnnLNkPGlfPOUIE\/edit#heading=h.800hczfxshp4\">What transportation options are available to help my child get to school?<\/a><\/p>\n<\/li>\n<li>\n<p><a href=\"https:\/\/docs.google.com\/document\/d\/11HmiLBzOtYi77j7x34nJDzd8aA9fqnnLNkPGlfPOUIE\/edit#heading=h.p98znts3jt9w\">What services and supports are available to help my child succeed in school?<\/a><\/p>\n<\/li>\n<li>\n<p><a href=\"https:\/\/docs.google.com\/document\/d\/11HmiLBzOtYi77j7x34nJDzd8aA9fqnnLNkPGlfPOUIE\/edit#heading=h.g0a5rwrt6fll\">How can I enroll my child in school if I don&#8217;t have all the required documents (e.g., proof of residency, immunization records, TB testing)?<\/a><\/p>\n<\/li>\n<li>\n<p><a href=\"https:\/\/docs.google.com\/document\/d\/11HmiLBzOtYi77j7x34nJDzd8aA9fqnnLNkPGlfPOUIE\/edit#heading=h.a9qhyimho68k\">What if the school and I disagree about where my child should go to school?\/\u00bfQu\u00e9 pasa si la escuela y yo no estamos de acuerdo sobre a cual escuela debe asistir mi hijo?<\/a><\/p>\n<\/li>\n<li>\n<p><a href=\"https:\/\/docs.google.com\/document\/d\/11HmiLBzOtYi77j7x34nJDzd8aA9fqnnLNkPGlfPOUIE\/edit#heading=h.bo1nf3bnwxu6\">What questions should I ask about services under the McKinney-Vento Act?\/\u00bfCuales preguntas debo hacer sobre los servicios prove\u00eddos bajo la ley McKinney-Vento?<\/a><\/p>\n<\/li>\n<li>\n<p><a href=\"https:\/\/docs.google.com\/document\/d\/11HmiLBzOtYi77j7x34nJDzd8aA9fqnnLNkPGlfPOUIE\/edit#heading=h.snch0p525drs\">What can I do to help my child in school?\/\u00bfQu\u00e9 puedo hacer para ayudar a mi hijo en la escuela?<\/a><\/p>\n<\/li>\n<li>\n<p><a href=\"https:\/\/docs.google.com\/document\/d\/11HmiLBzOtYi77j7x34nJDzd8aA9fqnnLNkPGlfPOUIE\/edit#heading=h.b983gcn8vk2u\">When I move, should I keep my child in the same school or transfer my child to the local school?\/\u00bfSi mi familia se muda, debo mantener a mi hijo en la misma escuela o transferir a mi hijo a la escuela local?<\/a><\/p>\n<\/li>\n<\/ol>\n<h2>I just became homeless with my children. What should I do?<\/h2>\n<ul>\n<li>\n<p>Contact your school&#8217;s homeless liaison immediately. They can help you enroll your children in school, provide transportation, and connect you with resources for food, shelter, and other necessities.<\/p>\n<\/li>\n<\/ul>\n<h2>Whom can I contact to help with my child&rsquo;s education?\/\u00bfCon qui\u00e9n puedo consultar sobre ayudar a mi hijo con su educaci\u00f3n?<\/h2>\n<ul>\n<li>\n<p>Every school district has a local homeless education liaison. This person can help you decide which school would be best for your child and communicate with the school. The local liaison also can help your child get school supplies, supplemental services, and free school meals; set up transportation to and from the school of origin; and help you find community supports.<\/p>\n<\/li>\n<li>\n<p>When you enroll your child in a new school, you should ask to meet his\/her teacher(s). You also should talk to your child&rsquo;s teacher(s) every so often to talk about how he or she is doing. Know at least one teacher at your child&rsquo;s school well enough to ask questions about your child&rsquo;s schoolwork and to give him or her information that will help your child learn.<\/p>\n<\/li>\n<li>\n<p>The school counselor can help your child deal with changes and challenges. Share with this person any information about how your child is acting at home, or things he or she is dealing with that might affect schoolwork.<\/p>\n<\/li>\n<li>\n<p>Other good people to know are the school principal, attendance officer, bus driver, school social worker, and school nurse.<\/p>\n<\/li>\n<li>\n<p>All school and school district staff can help make sure your child gets all the services he or she needs to do well in school. You are an important partner in your child&rsquo;s education and should work as a team with the school and school district.<\/p>\n<\/li>\n<\/ul>\n<ul>\n<li>\n<p>Cada distrito escolar tiene un oficial de intercomunicaci\u00f3n para la educaci\u00f3n de los ni\u00f1os y j\u00f3venes sin hogar. Esta persona puede ayudarle a decidir cual escuela ser\u00eda la mejor para su hijo y a entrar en contacto con esta escuela. El oficial de intercomunicaci\u00f3n tambi\u00e9n puede ayudar a su hijo a conseguir \u00fatiles escolares gratis, servicios suplementarios, y comidas escolares gratis; establecer transporte a\/de la escuela de origen; y ayudarle a encontrar apoyo comunitario.<\/p>\n<\/li>\n<li>\n<p>Cuando usted inscribe a su hijo en una escuela nueva, debe solicitar conocer a su(s) maestro(s). Tambi\u00e9n, debe hablar al maestro de su hijo de vez en cuando para saber como su hijo est\u00e1 progresando en la escuela. Es importante conocer a uno de los maestros en la escuela de su hijo lo suficientemente bien para preguntarle sobre el trabajo escolar de su hijo y para darle informaci\u00f3n que ayudar\u00eda a su hijo a aprender.<\/p>\n<\/li>\n<li>\n<p>El consejero escolar puede ayudar a su hijo a responder a cambios y dificultades. Comparta con esta persona cualquiera informaci\u00f3n que usted tenga sobre como su hijo se comporta en la casa o cosas que est\u00e1n pasando que podr\u00edan afectar el trabajo escolar de su hijo.<\/p>\n<\/li>\n<li>\n<p>Otras personas que ser\u00eda bueno que usted conozca son el director, el oficial de asistencia, el conductor de bus, el trabajador social escolar, y la enfermera escolar.<\/p>\n<\/li>\n<li>\n<p>Todo el personal de la escuela y del distrito escolar puede ayudar a asegurar que su hijo reciba todos los servicios necesarios para que tenga \u00e9xito en la escuela. Usted es un compa\u00f1ero importante en la educaci\u00f3n de su hijo y debe trabajar en equipo con la escuela y el distrito escolar.<\/p>\n<\/li>\n<\/ul>\n<p><\/p>\n<h2>Can my child stay in their current school even though we&#8217;ve lost our housing?<\/h2>\n<ul>\n<li>\n<p>Yes, under the McKinney-Vento Act, your child has the right to stay in their school of origin, even if you have moved out of the area, as long as it is in the best interest of your child.<\/p>\n<\/li>\n<\/ul>\n<h2>What transportation options are available to help my child get to school?<\/h2>\n<ul>\n<li>\n<p>The school district must provide transportation for your child to their school of origin. Speak with your homeless liaison to arrange transportation services.<\/p>\n<\/li>\n<\/ul>\n<h2>What services and supports are available to help my child succeed in school?<\/h2>\n<ul>\n<li>\n<p>Your child is entitled to receive free meals, school supplies, academic support, and other services to ensure they can fully participate in school activities and succeed academically.<\/p>\n<\/li>\n<\/ul>\n<h2>How can I enroll my child in school if I don&#8217;t have all the required documents (e.g., proof of residency, immunization records, TB testing)?<\/h2>\n<ul>\n<li>\n<p>Your child can be enrolled immediately without the usual required documents. The school will work with you to obtain any missing records while ensuring your child can start attending classes right away.<\/p>\n<\/li>\n<\/ul>\n<h2>What if the school and I disagree about where my child should go to school?\/\u00bfQu\u00e9 pasa si la escuela y yo no estamos de acuerdo sobre a cual escuela debe asistir mi hijo?<\/h2>\n<ul>\n<li>\n<p>If you and the school disagree, the school district has to tell you in writing why it thinks your child should go to a different school than the one you want. The district also has to tell you in writing how you can appeal this decision. Your child can still enroll in, attend, and participate fully in the school you think is best for him or her while the disagreement is being settled.<\/p>\n<\/li>\n<\/ul>\n<ul>\n<li>\n<p>Si usted no est\u00e1 de acuerdo con la escuela, el distrito escolar tiene que darle una explicaci\u00f3n escrita sobre por qu\u00e9 considera que su hijo debe asistir a una escuela diferente de la escuela que usted quiere. El distrito tambi\u00e9n tiene que explicar en una forma escrita como usted puede apelar a esta decisi\u00f3n. Su hijo puede inscribirse en, asistir a, y participar completamente en la escuela escogida por usted mientras que el desacuerdo se resuelve.<\/p>\n<\/li>\n<\/ul>\n<h2>What questions should I ask about services under the McKinney-Vento Act?\/\u00bfCuales preguntas debo hacer sobre los servicios prove\u00eddos bajo la ley McKinney-Vento?<\/h2>\n<ul>\n<li>\n<p>Who is the local homeless education liaison? How can I contact him or her?<\/p>\n<\/li>\n<li>\n<p>What transportation is available for my child to stay in the same school (the school of origin)?<\/p>\n<\/li>\n<li>\n<p>If my child changes schools, who can help us transfer records to the new school quickly?<\/p>\n<\/li>\n<li>\n<p>How can my child receive free meals at school?<\/p>\n<\/li>\n<li>\n<p>How can my child receive free school supplies, if needed?<\/p>\n<\/li>\n<li>\n<p>Who can help if my child needs special education services? How quickly can these services be set up?<\/p>\n<\/li>\n<li>\n<p>What academic help is available for my child, such as Title I programs or after-school tutoring?<\/p>\n<\/li>\n<li>\n<p>What programs can help develop my child&rsquo;s talents and address his\/her unique needs?<\/p>\n<\/li>\n<li>\n<p>Are there sports, music, or other activities available for my child?<\/p>\n<\/li>\n<li>\n<p>How can my child go on class field trips or participate in other school activities if I can&rsquo;t pay for them?<\/p>\n<\/li>\n<li>\n<p>Is there a preschool program for my younger children?<\/p>\n<\/li>\n<\/ul>\n<ul>\n<li>\n<p>\u00bfQui\u00e9n es el oficial de intercomunicaci\u00f3n para la educaci\u00f3n de los ni\u00f1os y j\u00f3venes sin hogar? C\u00f3mo puedo comunicarme con \u00e9l\/ella?<\/p>\n<\/li>\n<li>\n<p>\u00bfQu\u00e9 tipo de transporte est\u00e1 disponible para que mi hijo pueda seguir asistiendo a la misma escuela (la escuela de origen)?<\/p>\n<\/li>\n<li>\n<p>\u00bfSi mi hijo cambia de escuela, qui\u00e9n puede ayudarnos a transferir sus documentos a la brevedad?<\/p>\n<\/li>\n<li>\n<p>\u00bfC\u00f3mo puede mi hijo recibir comida gratis en la escuela?<\/p>\n<\/li>\n<li>\n<p>\u00bfSi es necesario, c\u00f3mo puede mi hijo recibir \u00fatiles escolares gratis?<\/p>\n<\/li>\n<li>\n<p>\u00bfQui\u00e9n puede ayudar si mi hijo necesita servicios de educaci\u00f3n especial? Cu\u00e1n pronto pueden empezar estos servicios?<\/p>\n<\/li>\n<li>\n<p>\u00bfQu\u00e9 ayuda escolar est\u00e1 disponible para mi hijo (como programas de Title I o tutor\u00eda despu\u00e9s de escuela)?<\/p>\n<\/li>\n<li>\n<p>\u00bfCuales programas pueden ayudar a mi hijo a desarrollar sus talentos y responder a sus necesidades particulares?<\/p>\n<\/li>\n<li>\n<p>\u00bfHay deportes, grupos musicales, u otras actividades en las cuales mi hijo puede participar?<\/p>\n<\/li>\n<li>\n<p>\u00bfC\u00f3mo puede mi hijo participar en excursiones escolares u otras actividades escolares si no las puedo pagar?<\/p>\n<\/li>\n<li>\n<p>\u00bfHay un programa preescolar para mis hijos menores?<\/p>\n<\/li>\n<\/ul>\n<h2>What can I do to help my child in school?\/\u00bfQu\u00e9 puedo hacer para ayudar a mi hijo en la escuela?<\/h2>\n<ul>\n<li>\n<p>Make sure your child goes to school every day and arrives rested and fed.<\/p>\n<\/li>\n<li>\n<p>Provide a quiet place for your child to do homework, and set aside time every day to help your child with homework.<\/p>\n<\/li>\n<li>\n<p>Pay attention to your child&rsquo;s health needs and take care of any problems early.<\/p>\n<\/li>\n<li>\n<p>Ask your child what he or she is learning in school. Have him or her explain it to you. If you show interest in your child&rsquo;s education, he or she will know that it&rsquo;s important.<\/p>\n<\/li>\n<li>\n<p>Read to your child every day. For older children, set aside time each day for you and your child to read together silently. Talk about what you read.<\/p>\n<\/li>\n<li>\n<p>Praise your child for what he or she does well, like getting a good grade or playing on a school sports team.<\/p>\n<\/li>\n<li>\n<p>Listen to what your child shares with you and talk about any problems he or she is having. You also can talk about these problems with a teacher or school counselor.<\/p>\n<\/li>\n<li>\n<p>Encourage your child to participate in things like sports and music.<\/p>\n<\/li>\n<\/ul>\n<ul>\n<li>\n<p>Aseg\u00farese que su hijo vaya a la escuela todos los di\u00e1s y que llegue descansado y bien alimentado.<\/p>\n<\/li>\n<li>\n<p>Provea un sitio tranquilo para que su hijo pueda hacer las tareas; dedique un tiempo cada d\u00eda para ayudar a su hijo hacer sus tareas.<\/p>\n<\/li>\n<li>\n<p>Preste atenci\u00f3n a las necesidades de salud de su hijo y solucione cualquier problema lo antes posible.<\/p>\n<\/li>\n<li>\n<p>Pregunte a su hijo sobre lo que est\u00e1 aprendiendo en la escuela; p\u00eddale que se lo explique a usted. Si usted muestra inter\u00e9s en la educaci\u00f3n de su hijo, \u00e9l sabr\u00e1 que la educaci\u00f3n es importante.<\/p>\n<\/li>\n<li>\n<p>Lea a su hijo todos los d\u00edas; para hijos mayores, dedique un tiempo cada d\u00eda para leer juntos mentalmente. Hablen sobre lo que leyeron.<\/p>\n<\/li>\n<li>\n<p>Elogie a su hijo por lo que hace bien, como recibir una nota buena o participar en un equipo deportivo en su escuela.<\/p>\n<\/li>\n<li>\n<p>Escuche lo que le dice su hijo y hable sobre cualquier problema que est\u00e9 teniendo; usted tambi\u00e9n puede hablar sobre estos problemas con la maestra o el consejero escolar de su hijo.<\/p>\n<\/li>\n<li>\n<p>Anime a su hijo a participar en actividades como los deportes y la m\u00fasica.<\/p>\n<\/li>\n<\/ul>\n<h2>When I move, should I keep my child in the same school or transfer my child to the local school?\/\u00bfSi mi familia se muda, debo mantener a mi hijo en la misma escuela o transferir a mi hijo a la escuela local?<\/h2>\n<ul>\n<li>\n<p>Moving from one school to another can be upsetting for children. They have to leave the friends and teachers they know and get used to new friends, teachers, and classes. Because of this, it is usually best for your child to stay in his\/her same school (the school of origin), even if you move to a different area.<\/p>\n<\/li>\n<\/ul>\n<p><\/p>\n<p>Here are some questions to think about when deciding whether your child should stay in the same school or move to the new school where you&rsquo;re living:<\/p>\n<ul>\n<li>\n<p>How old is your child?<\/p>\n<\/li>\n<li>\n<p>How permanent is your current living arrangement? Do you plan to move back close to the school of origin or do you think you&rsquo;ll stay near your current living arrangement?<\/p>\n<\/li>\n<li>\n<p>Is your child attached to his\/her school of origin? An older child who feels very connected to his\/her school of origin and\/or is about to graduate might have a harder time changing schools.<\/p>\n<\/li>\n<li>\n<p>How anxious is your child because you have had to move? Would changing schools be overwhelming?<\/p>\n<\/li>\n<li>\n<p>Would changing schools cause your child to fall behind in school and get bad grades?<\/p>\n<\/li>\n<li>\n<p>Is this a good time of year for your child to change schools, such as at the end of a semester or school year, after testing, or after an event that is important to your child?<\/p>\n<\/li>\n<li>\n<p>How much time would your child have to spend going back and forth to the school of origin? A long ride might have a negative impact on your child&rsquo;s schoolwork.<\/p>\n<\/li>\n<li>\n<p>Are there safety issues to think about in choosing which school your child should attend?<\/p>\n<\/li>\n<\/ul>\n<ul>\n<li>\n<p>Cambiar de escuela puede ser duro para su hijo. Tiene que dejar a los amigos y los maestros que conoce y acostumbrarse a amigos y maestros nuevos, y clases nuevas. Por esto, generalmente es mejor que su hijo siga asistiendo a la misma escuela (la escuela de origen), a\u00fan si ustedes se muden a una \u00e1rea diferente.<\/p>\n<\/li>\n<\/ul>\n<p><\/p>\n<p>Abajo hay algunas preguntas para considerar mientras decide si su hijo deba continuar asistiendo a la misma escuela o transferirse a la escuela local:<\/p>\n<ul>\n<li>\u00bfCuantos a\u00f1os tiene su hijo?<\/li>\n<li>\n<p>\u00bfCu\u00e1n permanente es su residencia actual? \u00bfTiene planes de volver a vivir cerca de la escuela de origen de su hijo, o piensa seguir viviendo cerca de su residencia actual?<\/p>\n<\/li>\n<li>\n<p>\u00bfTiene su hijo un v\u00ednculo fuerte con su escuela de origen? Un estudiante mayor que siente una conexi\u00f3n fuerte con su escuela de origen y\/o est\u00e1 a punto de graduarse podr\u00eda tener dificultades mayores al cambiar de escuela.<\/p>\n<\/li>\n<li>\n<p>\u00bfEst\u00e1 su hijo ansioso por causa de la mudanza que su familia tuvo que hacer? \u00bfSer\u00eda estresante un cambio de escuela?<\/p>\n<\/li>\n<li>\n<p>\u00bfPodr\u00eda un cambio de escuela causar que su hijo sufra un retraso acad\u00e9mico o reciba notas malas?<\/p>\n<\/li>\n<li>\n<p>\u00bfEs esta \u00e9poca del a\u00f1o escolar un buen tiempo para cambiar de escuela, como, por ejemplo, al final de un semestre o a\u00f1o escolar, despu\u00e9s de terminar ex\u00e1menes importantes, o despu\u00e9s de un evento que es importante para su hijo?<\/p>\n<\/li>\n<li>\n<p>\u00bfCuanto tiempo gastar\u00eda su hijo siendo transportado a\/ de la escuela de origen? Un camino largo podr\u00eda tener un efecto negativo en el trabajo escolar de su hijo.<\/p>\n<\/li>\n<li>\n<p>\u00bfHay consideraciones de seguridad que afectar\u00edan su decisi\u00f3n sobre a cual escuela debe asistir su hijo?<\/p>\n<\/li>\n<\/ul>\n","protected":false},"excerpt":{"rendered":"<p>Parent Frequently Asked Questions About the McKinney-Vento Program\/Preguntas Frecuentes de los Padres Sobre el Programa McKinney-Vento Parent Frequently Asked Questions About the McKinney-Vento Program\/Preguntas Frecuentes de los Padres Sobre el Programa McKinney-Vento I just became homeless with my children. What should I do? Whom can I contact to help with my child&rsquo;s education?\/\u00bfCon qui\u00e9n puedo [&hellip;]<\/p>\n","protected":false},"author":1,"featured_media":0,"parent":0,"menu_order":0,"comment_status":"closed","ping_status":"closed","template":"","meta":{"footnotes":""},"class_list":["post-49","page","type-page","status-publish","hentry"],"_links":{"self":[{"href":"https:\/\/kern.org\/homeless-education-program\/wp-json\/wp\/v2\/pages\/49","targetHints":{"allow":["GET"]}}],"collection":[{"href":"https:\/\/kern.org\/homeless-education-program\/wp-json\/wp\/v2\/pages"}],"about":[{"href":"https:\/\/kern.org\/homeless-education-program\/wp-json\/wp\/v2\/types\/page"}],"author":[{"embeddable":true,"href":"https:\/\/kern.org\/homeless-education-program\/wp-json\/wp\/v2\/users\/1"}],"replies":[{"embeddable":true,"href":"https:\/\/kern.org\/homeless-education-program\/wp-json\/wp\/v2\/comments?post=49"}],"version-history":[{"count":1,"href":"https:\/\/kern.org\/homeless-education-program\/wp-json\/wp\/v2\/pages\/49\/revisions"}],"predecessor-version":[{"id":50,"href":"https:\/\/kern.org\/homeless-education-program\/wp-json\/wp\/v2\/pages\/49\/revisions\/50"}],"wp:attachment":[{"href":"https:\/\/kern.org\/homeless-education-program\/wp-json\/wp\/v2\/media?parent=49"}],"curies":[{"name":"wp","href":"https:\/\/api.w.org\/{rel}","templated":true}]}}