{"id":14,"date":"2023-01-26T15:27:18","date_gmt":"2023-01-26T23:27:18","guid":{"rendered":"https:\/\/kern.org\/homeless-education-program\/?page_id=13"},"modified":"2025-09-17T21:57:35","modified_gmt":"2025-09-17T21:57:35","slug":"ley-de-asistencia-educativa-para-jovenes-sin-hogar-mckinney-vento","status":"publish","type":"page","link":"https:\/\/kern.org\/homeless-education-program\/ley-de-asistencia-educativa-para-jovenes-sin-hogar-mckinney-vento\/","title":{"rendered":"Ley de Asistencia Educativa para J\u00f3venes sin Hogar McKinney-Vento"},"content":{"rendered":"<p>La Ley McKinney-Vento define a \u201cni\u00f1os y menores sin hogar\u201d como aquellos individuos que no tienen una residencia fija, regular, y adecuada en donde pasar la noche, incluyendo a ni\u00f1os y menores que est\u00e1n<\/p>\n<ul>\n<li>Compartiendo la residencia de otras personas debido a la p\u00e9rdida de hogar, una dificultad econ\u00f3mica, u otra raz\u00f3n similar;<\/li>\n<li>Viviendo en un motel, hotel, remolque residencial, o parque de acampar debido a la falta de una residencia adecuada;<\/li>\n<li>Viviendo en un albergue de emergencia o de transici\u00f3n, o est\u00e1n abandonados en un hospital.<\/li>\n<li>Viviendo en una residencia p\u00fablica o privada que no es designada para el hospedaje por los seres humanos.<\/li>\n<li>Viviendo en veh\u00edculos, parques, espacios p\u00fablicos, edificios abandonados, residencias en mal estado, estaciones de autobus o de tren, u otros sitios similares; y<\/li>\n<li>Los ni\u00f1os migrantes que califican bajo \u201csin hogar\u201d porque est\u00e1n viviendo en una de las circunstancias descritas anteriormente<\/li>\n<li>Menores desamparados, incluyendo menores que no est\u00e1n bajo la custodia f\u00edsica de un padre o guardi\u00e1n, como aquellos que huyen de sus hogares, o menores a los que sus familias los han desamparado.<\/li>\n<\/ul>\n<div class=\"ratio ratio-16x9 my-4\" style=\"max-width:800px;\">\n<iframe class=\"\" src=\"https:\/\/www.youtube.com\/embed\/PTYGkk8WE9E?si=knfx42TJR-QdOH90\"><\/iframe>\n<\/div>\n<h3>Derechos Educativos<\/h3>\n<p>Bajo la Ley Mckinney-Vento, los ni\u00f1os y menores sin hogar tienen derecho a:<\/p>\n<ul class=\"lists\">\n<li>Recibir una educaci\u00f3n p\u00fablica gratuita y apropiada.<\/li>\n<li>Inscribirse en la escuela de inmediato, aunque les falten los documentos que normalmente se requieren para la inscripci\u00f3n.<\/li>\n<li>Inscribirse en la escuela y asistir a clases mientras la escuela re\u00fane los documentos necesarios.<\/li>\n<li>Inscribirse en la escuela local; o continuar en su escuela de origen (la escuela a la que asistieron cuando estaban alojados permanentemente o la escuela en la que se inscribieron por \u00faltima vez), de acuerdo con el mejor inter\u00e9s para el estudiante.<\/li>\n<\/ul>\n<p>* Si el distrito escolar cree que la escuela elegida no es la mejor para el estudiante, el distrito debe proporcionar al padre, guardian o estudiante desamparado una explicaci\u00f3n escrita de su posici\u00f3n e tambi\u00e9n informarlo(s) del derecho a apelar su decisi\u00f3n.<\/p>\n<ul class=\"lists\">\n<li>Recibir transporte hacia y desde la escuela de origen, si lo solicitan<\/li>\n<li>Recibir servicios educativos comparables a servicios brindados a otros estudiantes, de acuerdo con las necesidades de cada estudiante.<\/li>\n<li>Recibir almuerzos gratuitos durante el a\u00f1o escolar.<\/li>\n<li>Recibir el mismo acceso a la educaci\u00f3n y no pagar ning\u00fan cobro escolar.<\/li>\n<\/ul>\n<p><a href=\"https:\/\/kern.org\/homeless-education-program\/wp-content\/uploads\/sites\/48\/2025\/09\/Ed-Services-for-students-in-transitional-housing_PROOF1.pdf\" class=\"fw-bold\">Folleto de Servicios Educativos para Estudiantes en Viviendas Transitorias<\/a><\/p>\n<p>Los servicios de McKinney-Vento se pueden proporcionar a un estudiante sin hogar durante la duraci\u00f3n de la falta de vivienda del estudiante, y durante el a\u00f1o acad\u00e9mico en que el estudiante queda permanentemente alojado.<\/p>\n<h3>Contactos Para Ayuda<\/h3>\n<p>Los enlaces\/coordinadores de estudiantes sin hogar del Condado de Kern aseguran que los estudiantes sin hogar puedan inscribirse y recibir servicios y recursos educativos para continuar el desarrollo educativo y alcanzar el \u00e9xito acad\u00e9mico.<\/p>\n<p>Si usted cree que sus hijos podr\u00edan ser elegibles, contacte al oficial para la educaci\u00f3n de los ni\u00f1os y j\u00f3venes sin hogar de su distrito escolar para averigular los servicios y ayudas que podr\u00edan estar disponsibles. Tambi\u00e9n puede haber apoyo disponible para sus hijos de edad preescolar.<\/p>\n<p>Si desea contactar a su enlace\/coordinador local de estudiantes, visite: <a href=\"https:\/\/bit.ly\/MVLiaisonList\">https:\/\/bit.ly\/MVLiaisonList<\/a><\/p>\n<ul>\n<li><a href=\"https:\/\/kern.org\/homeless-education-program\/wp-content\/uploads\/sites\/48\/2024\/08\/parentbrochure_sp.pdf\">Lo Que Necesita Saber Para Ayudar a Su Hijo en la Escuela<\/a><\/li>\n<li><a href=\"https:\/\/docs.google.com\/document\/d\/11HmiLBzOtYi77j7x34nJDzd8aA9fqnnLNkPGlfPOUIE\/edit?usp=sharing\">Preguntas Frecuentes de los Padres Sobre el Programa McKinney-Vento<\/a><\/li>\n<\/ul>\n<p>Si necesita ayuda adicional:<\/p>\n<p>Programa de Educaci\u00f3n para Estudiantes sin Hogar<br \/>\n661-636-4900<br \/>\n<a href=\"mailto:fosteredcoordinator@kern.org\">fosteredcoordinator@kern.org<\/a> <\/p>\n<p>Coordinador estatal<br \/>\nLeanne Wheeler<br \/>\n916-319-0383<br \/>\n<a href=\"mailto:homelessed@cde.ca.gov\">homelessed@cde.ca.gov<\/a><\/p>\n","protected":false},"excerpt":{"rendered":"<p>La Ley McKinney-Vento define a \u201cni\u00f1os y menores sin hogar\u201d como aquellos individuos que no tienen una residencia fija, regular, y adecuada en donde pasar la noche, incluyendo a ni\u00f1os y menores que est\u00e1n Compartiendo la residencia de otras personas debido a la p\u00e9rdida de hogar, una dificultad econ\u00f3mica, u otra raz\u00f3n similar; Viviendo en [&hellip;]<\/p>\n","protected":false},"author":1,"featured_media":0,"parent":0,"menu_order":0,"comment_status":"closed","ping_status":"closed","template":"page-department-sub3.php","meta":{"footnotes":""},"class_list":["post-14","page","type-page","status-publish","hentry"],"_links":{"self":[{"href":"https:\/\/kern.org\/homeless-education-program\/wp-json\/wp\/v2\/pages\/14","targetHints":{"allow":["GET"]}}],"collection":[{"href":"https:\/\/kern.org\/homeless-education-program\/wp-json\/wp\/v2\/pages"}],"about":[{"href":"https:\/\/kern.org\/homeless-education-program\/wp-json\/wp\/v2\/types\/page"}],"author":[{"embeddable":true,"href":"https:\/\/kern.org\/homeless-education-program\/wp-json\/wp\/v2\/users\/1"}],"replies":[{"embeddable":true,"href":"https:\/\/kern.org\/homeless-education-program\/wp-json\/wp\/v2\/comments?post=14"}],"version-history":[{"count":9,"href":"https:\/\/kern.org\/homeless-education-program\/wp-json\/wp\/v2\/pages\/14\/revisions"}],"predecessor-version":[{"id":85,"href":"https:\/\/kern.org\/homeless-education-program\/wp-json\/wp\/v2\/pages\/14\/revisions\/85"}],"wp:attachment":[{"href":"https:\/\/kern.org\/homeless-education-program\/wp-json\/wp\/v2\/media?parent=14"}],"curies":[{"name":"wp","href":"https:\/\/api.w.org\/{rel}","templated":true}]}}