{"id":50,"date":"2018-07-24T11:12:30","date_gmt":"2018-07-24T18:12:30","guid":{"rendered":"https:\/\/kern.org\/cccc\/?page_id=50"},"modified":"2025-12-04T22:42:08","modified_gmt":"2025-12-04T22:42:08","slug":"workshops","status":"publish","type":"page","link":"https:\/\/kern.org\/community-connection-child-care\/for-providers\/workshops\/","title":{"rendered":"Workshops"},"content":{"rendered":"<p>Registration for the workshops will now be online through <a href=\"https:\/\/www.caregistry.org\/\">www.caregistry.org<\/a>. Create a log in if you have not already done so. When logged in, follow the steps below to register for workshops:<\/p>\n<p>La inscripci\u00f3n para los talleres ser\u00e1 a trav\u00e9s de <a href=\"https:\/\/www.caregistry.org\/\">www.caregistry.org<\/a>. Cree un registro si a\u00fan no lo ha hecho. Una vez conectado, siga los siguientes pasos para registrarse en los talleres:<\/p>\n<div class=\"row\">\n<div class=\"col-sm-6\">\n<ol>\n<li>Click on the left tab titled Training Calendar.<\/li>\n<li>Under Sponsor Name type in Community Connection and click search. The list of workshops provided through our agency will pop up.<\/li>\n<li>Click on the circle next to the workshop you want to attend, then click View Event Details on the bottom left corner.<\/li>\n<li>Finally, click on the Enroll Now tab. An email confirmation will be sent to your email address once enrollment is complete.<\/li>\n<\/ol>\n<\/div>\n<div class=\"col-sm-6\">\n<ol>\n<li>Haga clic en la pesta\u00f1a izquierda titulada Calendario de Capacitaci\u00f3n.<\/li>\n<li>Donde dice Nombre de Patrocinador favor de escribir Community Connection y haga clic donde dice Buscar. Aparecer\u00e1 la lista de talleres.<\/li>\n<li>Haga clic en el c\u00edrculo junto al taller al que desea asistir y, a continuaci\u00f3n, haga clic en Ver detalles del evento en la esquina inferior izquierda.<\/li>\n<li>Finalmente, haga clic en la pesta\u00f1a Inscribirse ahora. Se le enviar\u00e1 un correo electr\u00f3nico de confirmaci\u00f3n en cunado termine el processo de inscipcion.<\/li>\n<\/ol>\n<\/div>\n<\/div>\n<p><img decoding=\"async\" class=\"img-responsive\" src=\"https:\/\/kern.org\/community-connection-child-care\/wp-content\/uploads\/sites\/15\/2019\/01\/Workforce-Registry-for-Web-page.jpg\" alt=\"Workshops\" \/><\/p>\n<h3>What is the Registry?<\/h3>\n<p>The California Early Care and Education Workforce Registry is an efficient, web-based system designed to verify and securely store and track the employment, training, and education accomplishments of early childhood care and education (ECE) teachers and providers. Participation in the California Early Care and Education Workforce Registry provides you and your staff the opportunity to be part of this statewide data system for all early care and education professionals.<\/p>\n<p>To learn more about the California ECE Workforce Registry please cut and paste the web address here to your browser. <a href=\"https:\/\/www.youtube.com\/watch?v=BTSozVq0OKU&amp;feature=player_embedded\">https:\/\/www.youtube.com\/watch?v=BTSozVq0OKU&amp;feature=player_embedded<\/a><\/p>\n<p>To view an instruction schedule, please click on the calendar month below.<\/p>\n<h3>2026<\/h3>\n<ul>\n<li><a href=\"https:\/\/kern.org\/community-connection-child-care\/wp-content\/uploads\/sites\/15\/2025\/12\/May-2026-CCCC-Calendar.pdf\">May 2026 CCCC Calendar<\/a><\/li>\n<li><a href=\"https:\/\/kern.org\/community-connection-child-care\/wp-content\/uploads\/sites\/15\/2025\/12\/April-2026-CCCC-Calendar.pdf\">April 2026 CCCC Calendar<\/a><\/li>\n<li><a href=\"https:\/\/kern.org\/community-connection-child-care\/wp-content\/uploads\/sites\/15\/2025\/12\/March-2026-CCCC-Calendar-.pdf\">March 2026 CCCC Calendar<\/a><\/li>\n<li><a href=\"https:\/\/kern.org\/community-connection-child-care\/wp-content\/uploads\/sites\/15\/2025\/12\/February-2026-CCCC-Calendar-.pdf\">February 2026 CCCC Calendar<\/a><\/li>\n<li><a href=\"https:\/\/kern.org\/community-connection-child-care\/wp-content\/uploads\/sites\/15\/2025\/10\/January-2026-CCCC-Calendar-.pdf\">January 2026 CCCC Calendar<\/a><\/li>\n<\/ul>\n<h3>2025<\/h3>\n<ul>\n<li><a href=\"https:\/\/kern.org\/community-connection-child-care\/wp-content\/uploads\/sites\/15\/2025\/10\/December-2025-CCCC-Calendar-.pdf\">December 2025 CCCC Calendar<\/a><\/li>\n<li><a href=\"https:\/\/kern.org\/community-connection-child-care\/wp-content\/uploads\/sites\/15\/2025\/10\/November-2025-CCCC-Calendar-.pdf\">November 2025 CCCC Calendar<\/a><\/li>\n<li><a href=\"https:\/\/kern.org\/community-connection-child-care\/wp-content\/uploads\/sites\/15\/2025\/09\/October-2025-CCCC-Calendar-.pdf\">October 2025 CCCC Calendar<\/a><\/li>\n<li><a href=\"https:\/\/kern.org\/community-connection-child-care\/wp-content\/uploads\/sites\/15\/2025\/09\/September-2025-CCCC-Calendar-.pdf\">September 2025 CCCC Calendar<\/a><\/li>\n<li><a href=\"https:\/\/kern.org\/community-connection-child-care\/wp-content\/uploads\/sites\/15\/2025\/09\/August-2025-CCCC-Calendar.pdf\">August 2025 CCCC Calendar<\/a><\/li>\n<li><a href=\"https:\/\/kern.org\/community-connection-child-care\/wp-content\/uploads\/sites\/15\/2024\/10\/May-2025-CCCC-Calendar.pdf\">May 2025 CCCC Calendar<\/a><\/li>\n<li><a href=\"https:\/\/kern.org\/community-connection-child-care\/wp-content\/uploads\/sites\/15\/2024\/10\/April-2025-CCCC-Calendar.pdf\">April 2025 CCCC Calendar<\/a><\/li>\n<li><a href=\"https:\/\/kern.org\/community-connection-child-care\/wp-content\/uploads\/sites\/15\/2024\/10\/March-2025-CCCC-Calendar-.pdf\">March 2025 CCCC Calendar<\/a><\/li>\n<li><a href=\"https:\/\/kern.org\/community-connection-child-care\/wp-content\/uploads\/sites\/15\/2024\/10\/February-2025-CCCC-Calendar-.pdf\">February 2025 CCCC Calendar<\/a><\/li>\n<li><a href=\"https:\/\/kern.org\/community-connection-child-care\/wp-content\/uploads\/sites\/15\/2024\/10\/January-2025-CCCC-Calendar-.pdf\">January 2025 CCCC Calendar<\/a><\/li>\n<\/ul>\n<h3>2024<\/h3>\n<ul>\n<li><a href=\"https:\/\/kern.org\/community-connection-child-care\/wp-content\/uploads\/sites\/15\/2024\/10\/December-2024-CCCC-Calendar-.pdf\">December 2024 CCCC Calendar<\/a><\/li>\n<li><a href=\"https:\/\/kern.org\/community-connection-child-care\/wp-content\/uploads\/sites\/15\/2024\/10\/November-2024-CCCC-Calendar-.pdf\">November 2024 CCCC Calendar<\/a><\/li>\n<li><a href=\"https:\/\/kern.org\/community-connection-child-care\/wp-content\/uploads\/sites\/15\/2024\/09\/October-2024-CCCC-Calendar-.pdf\">October 2024 CCCC Calendar<\/a><\/li>\n<li><a href=\"https:\/\/kern.org\/community-connection-child-care\/wp-content\/uploads\/sites\/15\/2024\/09\/September-2024-CCCC-Calendar-.pdf\">September 2024 CCCC Calendar<\/a><\/li>\n<li><a href=\"https:\/\/kern.org\/community-connection-child-care\/wp-content\/uploads\/sites\/15\/2024\/09\/August-2024-CCCC-Calendar.pdf\">August 2024 CCCC Calendar<\/a><\/li>\n<li><a href=\"https:\/\/kern.org\/community-connection-child-care\/wp-content\/uploads\/sites\/15\/2024\/03\/May-2024-CCCC-Calendar.pdf\">May 2024 CCCC Calendar<\/a><\/li>\n<li><a href=\"https:\/\/kern.org\/community-connection-child-care\/wp-content\/uploads\/sites\/15\/2024\/03\/April-2024-CCCC-Calendar.pdf\">April 2024 CCCC Calendar<\/a><\/li>\n<li><a href=\"https:\/\/kern.org\/community-connection-child-care\/wp-content\/uploads\/sites\/15\/2024\/03\/March-2024-CCCC-Calendar-.pdf\">March 2024 CCCC Calendar<\/a><\/li>\n<li><a href=\"https:\/\/kern.org\/community-connection-child-care\/wp-content\/uploads\/sites\/15\/2024\/03\/February-2024-CCCC-Calendar-.pdf\">February 2024 CCCC Calendar<\/a><\/li>\n<li><a href=\"https:\/\/kern.org\/community-connection-child-care\/wp-content\/uploads\/sites\/15\/2024\/03\/January-2024-CCCC-Calendar-.pdf\">January 2024 CCCC Calendar<\/a><\/li>\n<\/ul>\n<h3>2023<\/h3>\n<ul>\n<li><a href=\"https:\/\/kern.org\/community-connection-child-care\/wp-content\/uploads\/sites\/15\/2024\/03\/December-2023-CCCC-Calendar-.pdf\">December 2023 CCCC Calendar<\/a><\/li>\n<li><a href=\"https:\/\/kern.org\/community-connection-child-care\/wp-content\/uploads\/sites\/15\/2023\/09\/November-2023-CCCC-Calendar-_.pdf\">November 2023 CCCC Calendar<\/a><\/li>\n<li><a href=\"https:\/\/kern.org\/community-connection-child-care\/wp-content\/uploads\/sites\/15\/2023\/09\/October-2023-CCCC-Calendar-.pdf\">October 2023 CCCC Calendar<\/a><\/li>\n<li><a href=\"https:\/\/kern.org\/community-connection-child-care\/wp-content\/uploads\/sites\/15\/2023\/09\/September-2023-CCCC-Calendar-.pdf\">September 2023 CCCC Calendar<\/a><\/li>\n<li><a href=\"https:\/\/kern.org\/community-connection-child-care\/wp-content\/uploads\/sites\/15\/2024\/03\/August-2023-CCCC-Calendar.pdf\">August 2023 CCCC Calendar<\/a><\/li>\n<li><a href=\"https:\/\/kern.org\/community-connection-child-care\/wp-content\/uploads\/sites\/15\/2023\/05\/May-2023-CCCC-Calendar.pdf\">May 2023 Calendar<\/a><\/li>\n<li><a href=\"https:\/\/kern.org\/community-connection-child-care\/wp-content\/uploads\/sites\/15\/2023\/05\/April-2023-Calendar.pdf\">April 2023 Calendar<\/a><\/li>\n<li><a href=\"https:\/\/kern.org\/community-connection-child-care\/wp-content\/uploads\/sites\/15\/2023\/05\/March-2023-Calendar-_.pdf\">March 2023 Calendar<\/a><\/li>\n<li><a href=\"https:\/\/kern.org\/community-connection-child-care\/wp-content\/uploads\/sites\/15\/2023\/05\/February-2023-Calendar-_.pdf\">February 2023 Calendar<\/a><\/li>\n<li><a href=\"https:\/\/kern.org\/community-connection-child-care\/wp-content\/uploads\/sites\/15\/2023\/05\/January-2023-Calendar-_.pdf\">January 2023 Calendar<\/a><\/li>\n<\/ul>\n<h3>2022<\/h3>\n<ul>\n<li><a href=\"https:\/\/kern.org\/community-connection-child-care\/wp-content\/uploads\/sites\/15\/2022\/09\/December-2022-Calendar-.pdf\">December 2022 Calendar<\/a><\/li>\n<li><a href=\"https:\/\/kern.org\/community-connection-child-care\/wp-content\/uploads\/sites\/15\/2022\/09\/November-2022-calendar-.pdf\">November 2022 Calendar<\/a><\/li>\n<li><a href=\"https:\/\/kern.org\/community-connection-child-care\/wp-content\/uploads\/sites\/15\/2022\/09\/October-2022-calendar-.pdf\">October 2022 Calendar<\/a><\/li>\n<li><a href=\"https:\/\/kern.org\/community-connection-child-care\/wp-content\/uploads\/sites\/15\/2022\/09\/September-2022-calendar-.pdf\">September 2022 Calendar<\/a><\/li>\n<li><a href=\"https:\/\/kern.org\/community-connection-child-care\/wp-content\/uploads\/sites\/15\/2022\/09\/August-2022-Calendar.pdf\">August 2022 Calendar<\/a><\/li>\n<li><a href=\"https:\/\/kern.org\/community-connection-child-care\/wp-content\/uploads\/sites\/15\/2022\/04\/May-2022-calendar-_.pdf\">May 2022 Calendar<\/a><\/li>\n<li><a href=\"https:\/\/kern.org\/community-connection-child-care\/wp-content\/uploads\/sites\/15\/2022\/04\/April-2022-Calendar.pdf\">April 2022 Calendar<\/a><\/li>\n<li><a href=\"https:\/\/kern.org\/community-connection-child-care\/wp-content\/uploads\/sites\/15\/2022\/01\/March-2022-Calendar-_.pdf\">March 2022 Calendar<\/a><\/li>\n<li><a href=\"https:\/\/kern.org\/community-connection-child-care\/wp-content\/uploads\/sites\/15\/2022\/01\/February-2022-Calendar-_.pdf\">February 2022 Calendar<\/a><\/li>\n<li><a href=\"https:\/\/kern.org\/community-connection-child-care\/wp-content\/uploads\/sites\/15\/2022\/01\/January-2022-Calendar-_.pdf\">January 2022 Calendar<\/a><\/li>\n<\/ul>\n<h3>2021<\/h3>\n<ul>\n<li><a href=\"https:\/\/kern.org\/community-connection-child-care\/wp-content\/uploads\/sites\/15\/2021\/11\/December-2021-Calendar-_.pdf\">December 2021 Calendar<\/a><\/li>\n<li><a href=\"https:\/\/kern.org\/community-connection-child-care\/wp-content\/uploads\/sites\/15\/2021\/11\/November-2021-calendar-_.pdf\">November 2021 calendar<\/a><\/li>\n<li><a href=\"https:\/\/kern.org\/community-connection-child-care\/wp-content\/uploads\/sites\/15\/2021\/09\/December-2021-Calendar-_.pdf\">December 2021 Calendar<\/a><\/li>\n<li><a href=\"https:\/\/kern.org\/community-connection-child-care\/wp-content\/uploads\/sites\/15\/2021\/09\/November-2021-calendar-_.pdf\">November 2021 Calendar<\/a><\/li>\n<li><a href=\"https:\/\/kern.org\/community-connection-child-care\/wp-content\/uploads\/sites\/15\/2021\/04\/First-Five_Page_1.jpg\" target=\"_blank\" rel=\"noopener\">First 5 &#8211; Dia de los libros story time!<\/li>\n<li><a href=\"https:\/\/kern.org\/community-connection-child-care\/wp-content\/uploads\/sites\/15\/2021\/09\/October-2021-Revised-Calendar-.pdf\">October 2021 Calendar<\/a><\/li>\n<li><a href=\"https:\/\/kern.org\/community-connection-child-care\/wp-content\/uploads\/sites\/15\/2021\/08\/September-2021-calendar-.pdf\">September 2021 Calendar<\/a><\/li>\n<li><a href=\"https:\/\/kern.org\/community-connection-child-care\/wp-content\/uploads\/sites\/15\/2021\/08\/August-2021-Calendar.pdf\">August 2021 Calendar<\/a><\/li>\n<li><a href=\"https:\/\/kern.org\/community-connection-child-care\/wp-content\/uploads\/sites\/15\/2021\/03\/May-2021-calendar-.pdf\">May 2021 Calendar<\/a><\/li>\n<li><a href=\"https:\/\/kern.org\/community-connection-child-care\/wp-content\/uploads\/sites\/15\/2021\/03\/April-2021-Calendar-.pdf\">April 2021 Calendar<\/a><\/li>\n<li><a href=\"https:\/\/kern.org\/community-connection-child-care\/wp-content\/uploads\/sites\/15\/2021\/03\/March-2021-Calendar-.pdf\">March 2021 Calendar<\/a><\/li>\n<\/ul>\n<h3>2020<\/h3>\n<ul>\n<li><a href=\"https:\/\/kern.org\/community-connection-child-care\/wp-content\/uploads\/sites\/15\/2020\/08\/English-CCCC-Zoom-Preventative-Health-Safety-Flyers-2020-2021.pdf\">Preventative Health Safety Flyers 2020-2021<\/a><\/li>\n<li><a href=\"https:\/\/kern.org\/community-connection-child-care\/wp-content\/uploads\/sites\/15\/2020\/08\/Spanish-CCCC-Zoom-Preventative-Health-Safety-Flyers-2020-2021.pdf\">Preventative Health Safety Flyers 2020-2021 &#8211; Spanish<\/a><\/li>\n<li><a href=\"https:\/\/kern.org\/community-connection-child-care\/wp-content\/uploads\/sites\/15\/2020\/08\/October-2020-calendar-.pdf\">October 2020 Calendar<\/a><\/li>\n<li><a href=\"https:\/\/kern.org\/community-connection-child-care\/wp-content\/uploads\/sites\/15\/2020\/08\/September-2020-calendar-.pdf\">September 2020 Calendar<\/a><\/li>\n<li><a href=\"https:\/\/kern.org\/community-connection-child-care\/wp-content\/uploads\/sites\/15\/2020\/08\/August-2020-Calendar.pdf\">August 2020 Calendar<\/a><\/li>\n<li><a href=\"https:\/\/kern.org\/community-connection-child-care\/wp-content\/uploads\/sites\/15\/2020\/04\/May-2020-calendar-_.pdf\">May 2020 calendar<\/a><\/li>\n<li><a href=\"https:\/\/kern.org\/community-connection-child-care\/wp-content\/uploads\/sites\/15\/2020\/03\/May-2020-English-Enrichment-Event-Flyer.pdf\">May 2020 English Enrichment Event Flyer<\/a><\/li>\n<li><a href=\"https:\/\/kern.org\/community-connection-child-care\/wp-content\/uploads\/sites\/15\/2020\/03\/May-2020-Spanish-Enrichment-Event-Flyer.pdf\">May 2020 Spanish Enrichment Event Flyer<\/a><\/li>\n<li><a href=\"https:\/\/kern.org\/community-connection-child-care\/wp-content\/uploads\/sites\/15\/2020\/03\/April-2020-calendar.pdf\">April 2020 calendar<\/a><\/li>\n<li><a href=\"https:\/\/kern.org\/community-connection-child-care\/wp-content\/uploads\/sites\/15\/2020\/03\/March-2020-English-Enrichment-Event-Flyer.pdf\">March 2020 English Enrichment Event Flyer<\/a><\/li>\n<li><a href=\"https:\/\/kern.org\/community-connection-child-care\/wp-content\/uploads\/sites\/15\/2020\/03\/March-2020-Spanish-Enrichment-Event-Flyer.pdf\">March 2020 Spanish Enrichment Event Flyer<\/a><\/li>\n<li><a href=\"https:\/\/kern.org\/community-connection-child-care\/wp-content\/uploads\/sites\/15\/2020\/01\/March-2020-calendar-.pdf\">March 2020 Calendar<\/a><\/li>\n<li><a href=\"https:\/\/kern.org\/community-connection-child-care\/wp-content\/uploads\/sites\/15\/2020\/01\/February-2020-calendar-.pdf\">February 2020 Calendar<\/a><\/li>\n<li><a href=\"https:\/\/kern.org\/community-connection-child-care\/wp-content\/uploads\/sites\/15\/2020\/01\/January-2020-calendar-.pdf\">January 2020 Calendar<\/a><\/li>\n<\/ul>\n<h3>2019<\/h3>\n<ul>\n<li><a href=\"https:\/\/kern.org\/community-connection-child-care\/wp-content\/uploads\/sites\/15\/2019\/10\/SPANISH-Preventative-Health-Safety-Flyer_.pdf\">Preventative Health Safety Flyer &#8211; SPANISH <\/a><\/li>\n<li><a href=\"https:\/\/kern.org\/community-connection-child-care\/wp-content\/uploads\/sites\/15\/2019\/10\/ENGLISH-Preventative-Health-Safety-Flyer.pdf\">Preventative Health Safety Flyer &#8211; ENGLISH <\/a><\/li>\n<li><a href=\"https:\/\/kern.org\/community-connection-child-care\/wp-content\/uploads\/sites\/15\/2019\/10\/December-2019-calendar-_.pdf\">December 2019 calendar<\/a><\/li>\n<li><a href=\"https:\/\/kern.org\/community-connection-child-care\/wp-content\/uploads\/sites\/15\/2019\/10\/November-2019-calendar-_.pdf\">November 2019 calendar<\/a><\/li>\n<li><a href=\"https:\/\/kern.org\/community-connection-child-care\/wp-content\/uploads\/sites\/15\/2019\/08\/October-2019-Calendar.pdf\">October 2019 Calendar<\/a><\/li>\n<li><a href=\"https:\/\/kern.org\/community-connection-child-care\/wp-content\/uploads\/sites\/15\/2019\/08\/September-2019-calendar.pdf\">September 2019 calendar<\/a><\/li>\n<li><a href=\"https:\/\/kern.org\/community-connection-child-care\/wp-content\/uploads\/sites\/15\/2019\/08\/Rosamond-August-2019-Calendar.pdf\">Rosamond August 2019 Calendar<\/a><\/li>\n<li><a href=\"https:\/\/kern.org\/community-connection-child-care\/wp-content\/uploads\/sites\/15\/2019\/08\/August-2019-Calendar.pdf\">August 2019 Calendar<\/a><\/li>\n<li><a href=\"https:\/\/kern.org\/community-connection-child-care\/wp-content\/uploads\/sites\/15\/2019\/07\/July-2019-English-Enrichment-Event-Flyer.pdf\">July 2019 Calendar<\/a> | <a href=\"https:\/\/kern.org\/community-connection-child-care\/wp-content\/uploads\/sites\/15\/2019\/07\/July-2019-Spanish-Enrichment-Event-Flyer.pdf\">Spanish Calendar<\/a><\/li>\n<li><a href=\"https:\/\/kern.org\/community-connection-child-care\/wp-content\/uploads\/sites\/15\/2019\/06\/August-2019-Calendar.pdf\">August 2019 Calendar<\/a><\/li>\n<li><a href=\"https:\/\/kern.org\/community-connection-child-care\/wp-content\/uploads\/sites\/15\/2019\/03\/June-2019-calendar-_.pdf\">June 2019 Calendar<\/a><\/li>\n<li><a href=\"https:\/\/kern.org\/community-connection-child-care\/wp-content\/uploads\/sites\/15\/2019\/04\/May-2019-calendar.pdf\">May 2019 Calendar<\/a><\/li>\n<li><a href=\"https:\/\/kern.org\/community-connection-child-care\/wp-content\/uploads\/sites\/15\/2019\/03\/April-2019-calendar-1.pdf\">April 2019 Calendar<\/a><\/li>\n<li><a href=\"https:\/\/kern.org\/community-connection-child-care\/wp-content\/uploads\/sites\/15\/2019\/02\/March-2019-calendar-_.pdf\">March 2019 Calendar<\/a><\/li>\n<li><a href=\"https:\/\/kern.org\/community-connection-child-care\/wp-content\/uploads\/sites\/15\/2019\/01\/February2019calendar.pdf\">February 2019 Calendar<\/a><\/li>\n<li><a href=\"https:\/\/kern.org\/community-connection-child-care\/wp-content\/uploads\/sites\/15\/2019\/01\/January-2019-calendar-_.pdf\">January 2019 Calendar<\/a><\/li>\n<\/ul>\n<h3>2018<\/h3>\n<ul>\n<li><a href=\"https:\/\/kern.org\/community-connection-child-care\/wp-content\/uploads\/sites\/15\/2018\/11\/December-2018-calendar-CCCC.pdf\">December 2018 Calendar<\/a><\/li>\n<li><a href=\"https:\/\/kern.org\/community-connection-child-care\/wp-content\/uploads\/sites\/15\/2018\/10\/November-2018-calendar-_.pdf\">November 2018 Calendar<\/a><\/li>\n<li><a href=\"https:\/\/kern.org\/community-connection-child-care\/wp-content\/uploads\/sites\/15\/2018\/09\/October-2018-calendar-.pdf\">October 2018 Calendar<\/a><\/li>\n<li><a href=\"https:\/\/kern.org\/community-connection-child-care\/wp-content\/uploads\/sites\/15\/2018\/09\/September-2018-calendar-1-1.pdf\">September 2018 Calendar<\/a><\/li>\n<li><a href=\"https:\/\/kern.org\/community-connection-child-care\/wp-content\/uploads\/sites\/15\/2018\/07\/August-2018-Calendar.pdf\">August 2018 Calendar<\/a><\/li>\n<li><a href=\"https:\/\/kern.org\/community-connection-child-care\/wp-content\/uploads\/sites\/15\/2018\/07\/May-2018-calendar-_.pdf\">May 2018 Calendar<\/a><\/li>\n<li><a href=\"https:\/\/kern.org\/community-connection-child-care\/wp-content\/uploads\/sites\/15\/2018\/07\/April-2018-calendar.pdf\">April 2018 Calendar<\/a><\/li>\n<li><a href=\"https:\/\/kern.org\/community-connection-child-care\/wp-content\/uploads\/sites\/15\/2018\/07\/March-2018-calendar-_.docx\">March 2018 Calendar<\/a><\/li>\n<li><a href=\"https:\/\/kern.org\/community-connection-child-care\/wp-content\/uploads\/sites\/15\/2018\/07\/February-2018-calendar-.docx\">February 2018 Calendar<\/a><\/li>\n<li><a href=\"https:\/\/kern.org\/community-connection-child-care\/wp-content\/uploads\/sites\/15\/2018\/07\/January-2018-calendar-_.docx\">January 2018 Calendar<\/a><\/li>\n<\/ul>\n","protected":false},"excerpt":{"rendered":"<p>Registration for the workshops will now be online through www.caregistry.org. Create a log in if you have not already done so. When logged in, follow the steps below to register for workshops: La inscripci\u00f3n para los talleres ser\u00e1 a trav\u00e9s de www.caregistry.org. Cree un registro si a\u00fan no lo ha hecho. Una vez conectado, siga [&hellip;]<\/p>\n","protected":false},"author":1,"featured_media":0,"parent":28,"menu_order":0,"comment_status":"closed","ping_status":"closed","template":"","meta":{"footnotes":""},"class_list":["post-50","page","type-page","status-publish","hentry"],"_links":{"self":[{"href":"https:\/\/kern.org\/community-connection-child-care\/wp-json\/wp\/v2\/pages\/50","targetHints":{"allow":["GET"]}}],"collection":[{"href":"https:\/\/kern.org\/community-connection-child-care\/wp-json\/wp\/v2\/pages"}],"about":[{"href":"https:\/\/kern.org\/community-connection-child-care\/wp-json\/wp\/v2\/types\/page"}],"author":[{"embeddable":true,"href":"https:\/\/kern.org\/community-connection-child-care\/wp-json\/wp\/v2\/users\/1"}],"replies":[{"embeddable":true,"href":"https:\/\/kern.org\/community-connection-child-care\/wp-json\/wp\/v2\/comments?post=50"}],"version-history":[{"count":9,"href":"https:\/\/kern.org\/community-connection-child-care\/wp-json\/wp\/v2\/pages\/50\/revisions"}],"predecessor-version":[{"id":955,"href":"https:\/\/kern.org\/community-connection-child-care\/wp-json\/wp\/v2\/pages\/50\/revisions\/955"}],"up":[{"embeddable":true,"href":"https:\/\/kern.org\/community-connection-child-care\/wp-json\/wp\/v2\/pages\/28"}],"wp:attachment":[{"href":"https:\/\/kern.org\/community-connection-child-care\/wp-json\/wp\/v2\/media?parent=50"}],"curies":[{"name":"wp","href":"https:\/\/api.w.org\/{rel}","templated":true}]}}