{"id":183,"date":"2018-07-26T12:39:09","date_gmt":"2018-07-26T19:39:09","guid":{"rendered":"https:\/\/kern.org\/cccc\/?page_id=183"},"modified":"2018-07-26T12:39:09","modified_gmt":"2018-07-26T19:39:09","slug":"declaracion-de-no-discriminacion-usda","status":"publish","type":"page","link":"https:\/\/kern.org\/community-connection-child-care\/for-providers\/child-care-food-program\/declaracion-de-no-discriminacion-usda\/","title":{"rendered":"Declaraci\u00f3n de No Discriminaci\u00f3n USDA"},"content":{"rendered":"<p>De conformidad con la Ley Federal de Derechos Civiles y los reglamentos y pol\u00edticas de derechos civiles del Departamento de Agricultura de los EE. UU. (USDA, por sus siglas en ingl\u00e9s), se proh\u00edbe que el USDA, sus agencias, oficinas, empleados e instituciones que participan o administran programas del USDA discriminen sobre la base de raza, color, nacionalidad, sexo, discapacidad, edad, o en represalia o venganza por actividades previas de derechos civiles en alg\u00fan programa o actividad realizados o financiados por el USDA.<\/p>\n<p>Las personas con discapacidades que necesiten medios alternativos para la comunicaci\u00f3n de la informaci\u00f3n del programa (por ejemplo, sistema Braille, letras grandes, cintas de audio, lenguaje de se\u00f1as americano, etc.), deben ponerse en contacto con la agencia (estatal o local) en la que solicitaron los beneficios. Las personas sordas, con dificultades de audici\u00f3n o discapacidades del habla pueden comunicarse con el USDA por medio del Federal Relay Service [Servicio Federal de Retransmisi\u00f3n] al (800) 877-8339. Adem\u00e1s, la informaci\u00f3n del programa se puede proporcionar en otros idiomas.<\/p>\n<p>Para presentar una denuncia de discriminaci\u00f3n, complete el Formulario de Denuncia de Discriminaci\u00f3n del Programa del USDA, (AD-3027) que est\u00e1 disponible en l\u00ednea en: <a href=\"http:\/\/www.ascr.usda.gov\/complaint_filing_cust.html\">http:\/\/www.ascr.usda.gov\/complaint_filing_cust.html<\/a> y en cualquier oficina del USDA, o bien escriba una carta dirigida al USDA e incluya en la carta toda la informaci\u00f3n solicitada en el formulario. Para solicitar una copia del formulario de denuncia, llame al (866) 632-9992. Haga llegar su formulario lleno o carta al USDA por:<\/p>\n<p>(1) correo: U.S. Department of Agriculture<br \/>\nOffice of the Assistant Secretary for Civil Rights<br \/>\n1400 Independence Avenue, SW<br \/>\nWashington, D.C. 20250-9410;<\/p>\n<p>(2) fax: (202) 690-7442; o<\/p>\n<p>(3) correo electr\u00f3nico: program.intake@usda.gov.<\/p>\n<p>Esta instituci\u00f3n es un proveedor que ofrece igualdad de oportunidades.<\/p>\n","protected":false},"excerpt":{"rendered":"<p>De conformidad con la Ley Federal de Derechos Civiles y los reglamentos y pol\u00edticas de derechos civiles del Departamento de Agricultura de los EE. UU. (USDA, por sus siglas en ingl\u00e9s), se proh\u00edbe que el USDA, sus agencias, oficinas, empleados e instituciones que participan o administran programas del USDA discriminen sobre la base de raza, [&hellip;]<\/p>\n","protected":false},"author":1,"featured_media":0,"parent":40,"menu_order":0,"comment_status":"closed","ping_status":"closed","template":"","meta":{"footnotes":""},"class_list":["post-183","page","type-page","status-publish","hentry"],"_links":{"self":[{"href":"https:\/\/kern.org\/community-connection-child-care\/wp-json\/wp\/v2\/pages\/183","targetHints":{"allow":["GET"]}}],"collection":[{"href":"https:\/\/kern.org\/community-connection-child-care\/wp-json\/wp\/v2\/pages"}],"about":[{"href":"https:\/\/kern.org\/community-connection-child-care\/wp-json\/wp\/v2\/types\/page"}],"author":[{"embeddable":true,"href":"https:\/\/kern.org\/community-connection-child-care\/wp-json\/wp\/v2\/users\/1"}],"replies":[{"embeddable":true,"href":"https:\/\/kern.org\/community-connection-child-care\/wp-json\/wp\/v2\/comments?post=183"}],"version-history":[{"count":0,"href":"https:\/\/kern.org\/community-connection-child-care\/wp-json\/wp\/v2\/pages\/183\/revisions"}],"up":[{"embeddable":true,"href":"https:\/\/kern.org\/community-connection-child-care\/wp-json\/wp\/v2\/pages\/40"}],"wp:attachment":[{"href":"https:\/\/kern.org\/community-connection-child-care\/wp-json\/wp\/v2\/media?parent=183"}],"curies":[{"name":"wp","href":"https:\/\/api.w.org\/{rel}","templated":true}]}}